{"id":6730,"date":"2026-04-24T14:17:41","date_gmt":"2026-04-24T07:17:41","guid":{"rendered":"https:\/\/truonghaitien.com\/?post_type=product&#038;p=6730"},"modified":"2026-04-24T14:20:23","modified_gmt":"2026-04-24T07:20:23","slug":"fx-1-uc-che-nam-dong-tien-nam-chan-cho","status":"publish","type":"product","link":"https:\/\/truonghaitien.com\/en\/san-pham\/fx-1-uc-che-nam-dong-tien-nam-chan-cho\/","title":{"rendered":"FX &#8211; 1 \u1ee8C CH\u1ebe N\u1ea4M \u0110\u1ed2NG TI\u1ec0N, N\u1ea4M CH\u00c2N CH\u00d3"},"content":{"rendered":"<p><strong><span style=\"font-family: 'times new roman', times, serif\">TH\u00c0NH PH\u1ea6N:<\/span><\/strong><br \/>\n<span style=\"font-family: 'times new roman', times, serif\">&#8211; <em>Saccharomyces spp<\/em> (min)&#8230;&#8230;&#8230;&#8230;&#8230;&#8230;&#8230;..: 5 x 10<sup>9<\/sup> CFU\/g<\/span><br \/>\n<span style=\"font-family: 'times new roman', times, serif\">(<em>Saccharomyces cerevisiae; Saccharomyces boulardii<\/em>)<\/span><br \/>\n<span style=\"font-family: 'times new roman', times, serif\">&#8211; <em>Bacillus spp<\/em> (min)&#8230;&#8230;&#8230;&#8230;&#8230;&#8230;&#8230;&#8230;&#8230;&#8230;&#8230;&#8230;&#8230;..: 5 x 10<sup>9<\/sup> CFU\/g<\/span><br \/>\n<span style=\"font-family: 'times new roman', times, serif\">(<em>Bacillus subtilis, Bacillus velezensis, Bacillus amyloliquefaciens<\/em>) <\/span><br \/>\n<span style=\"font-family: 'times new roman', times, serif\">&#8211; Ch\u1ea5t mang (dextrose) v\u1eeba \u0111\u1ee7 1kg<\/span><\/p>\n<p><strong><span style=\"font-family: 'times new roman', times, serif\">C\u00d4NG D\u1ee4NG<\/span><\/strong><br \/>\n<span style=\"font-family: 'times new roman', times, serif\">&#8211; Ph\u00e2n h\u1ee7y m\u00f9n b\u00e3 h\u1eefu c\u01a1, th\u1ee9c \u0103n d\u01b0 th\u1eeba, ch\u1ea5t th\u1ea3i t\u00f4m c\u00e1. L\u00e0m s\u1ea1ch n\u01b0\u1edbc v\u00e0 \u0111\u00e1y ao nu\u00f4i.<\/span><br \/>\n<span style=\"font-family: 'times new roman', times, serif\">&#8211; H\u1ed7 tr\u1ee3 ph\u00e2n gi\u1ea3i n\u1ea5m h\u1ea1i (\u0111\u1ed3ng ti\u1ec1n, ch\u00e2n ch\u00f3&#8230;).<\/span><br \/>\n<span style=\"font-family: 'times new roman', times, serif\">&#8211; Duy tr\u00ec c\u00e2n b\u1eb1ng h\u1ec7 vi sinh \u0111\u01b0\u1eddng ru\u1ed9t, h\u1ed7 tr\u1ee3 ti\u00eau ho\u00e1.<\/span><\/p>\n<p><strong><span style=\"font-family: 'times new roman', times, serif\">C\u00c1CH D\u00d9NG<\/span><\/strong><br \/>\n<span style=\"font-family: 'times new roman', times, serif\">S\u1eed d\u1ee5ng 500g\/500m<sup>3<\/sup> n\u01b0\u1edbc. \u1ee6 s\u1ee5c kh\u00ed v\u1edbi m\u1eadt r\u1ec9 6 &#8211; 8 ti\u1ebfng, sau \u0111\u00f3 t\u1ea1t v\u00e0o ao. \u01afu ti\u00ean s\u1eed d\u1ee5ng v\u00e0o bu\u1ed5i t\u1ed1i. <\/span><\/p>\n<p><strong><span style=\"font-family: 'times new roman', times, serif\">Quy c\u00e1ch: 500 gram\/g\u00f3i &#8211; 24 g\u00f3i\/th\u00f9ng<\/span><\/strong><br \/>\n<strong><span style=\"font-family: 'times new roman', times, serif\">Xu\u1ea5t x\u1ee9: Vi\u1ec7t Nam<\/span><\/strong><\/p>\n<p><span style=\"color: #ff0000\"><strong><span style=\"font-family: 'times new roman', times, serif\">Hotline: 091616 8200<\/span><\/strong><\/span><\/p>\n","protected":false},"excerpt":{"rendered":"<p>TH\u00c0NH PH\u1ea6N: &#8211; Saccharomyces spp (min)&#8230;&#8230;&#8230;&#8230;&#8230;&#8230;&#8230;..: 5 x 109 CFU\/g (Saccharomyces cerevisiae; Saccharomyces boulardii) &#8211; Bacillus spp (min)&#8230;&#8230;&#8230;&#8230;&#8230;&#8230;&#8230;&#8230;&#8230;&#8230;&#8230;&#8230;&#8230;..: 5 x 109 CFU\/g (Bacillus subtilis, Bacillus velezensis, Bacillus amyloliquefaciens) &#8211; Ch\u1ea5t mang (dextrose) v\u1eeba \u0111\u1ee7 1kg C\u00d4NG D\u1ee4NG &#8211; Ph\u00e2n h\u1ee7y m\u00f9n b\u00e3 h\u1eefu c\u01a1, th\u1ee9c \u0103n d\u01b0 th\u1eeba, ch\u1ea5t th\u1ea3i t\u00f4m c\u00e1. L\u00e0m s\u1ea1ch n\u01b0\u1edbc [&hellip;]<\/p>\n","protected":false},"featured_media":6733,"comment_status":"open","ping_status":"closed","template":"","meta":[],"product_cat":[22],"product_tag":[],"yoast_head":"<!-- This site is optimized with the Yoast SEO Premium plugin v14.7 - https:\/\/yoast.com\/wordpress\/plugins\/seo\/ -->\n<title>S\u1ea3n ph\u1ea9m FX - 1 \u1ee8C CH\u1ebe N\u1ea4M \u0110\u1ed2NG TI\u1ec0N, N\u1ea4M CH\u00c2N CH\u00d3 | Tr\u01b0\u1eddng H\u1ea3i Ti\u1ebfn<\/title>\n<meta name=\"robots\" content=\"index, follow\" \/>\n<meta name=\"googlebot\" content=\"index, follow, max-snippet:-1, max-image-preview:large, max-video-preview:-1\" \/>\n<meta name=\"bingbot\" content=\"index, follow, max-snippet:-1, max-image-preview:large, max-video-preview:-1\" \/>\n<link rel=\"canonical\" href=\"https:\/\/truonghaitien.com\/san-pham\/fx-1-uc-che-nam-dong-tien-nam-chan-cho\/\" \/>\n<meta property=\"og:locale\" content=\"en_US\" \/>\n<meta property=\"og:type\" content=\"article\" \/>\n<meta property=\"og:title\" content=\"S\u1ea3n ph\u1ea9m FX - 1 \u1ee8C CH\u1ebe N\u1ea4M \u0110\u1ed2NG TI\u1ec0N, N\u1ea4M CH\u00c2N CH\u00d3 | Tr\u01b0\u1eddng H\u1ea3i Ti\u1ebfn\" \/>\n<meta property=\"og:description\" content=\"TH\u00c0NH PH\u1ea6N: &#8211; Saccharomyces spp (min)&#8230;&#8230;&#8230;&#8230;&#8230;&#8230;&#8230;..: 5 x 109 CFU\/g (Saccharomyces cerevisiae; Saccharomyces boulardii) &#8211; Bacillus spp (min)&#8230;&#8230;&#8230;&#8230;&#8230;&#8230;&#8230;&#8230;&#8230;&#8230;&#8230;&#8230;&#8230;..: 5 x 109 CFU\/g (Bacillus subtilis, Bacillus velezensis, Bacillus amyloliquefaciens) &#8211; Ch\u1ea5t mang (dextrose) v\u1eeba \u0111\u1ee7 1kg C\u00d4NG D\u1ee4NG &#8211; Ph\u00e2n h\u1ee7y m\u00f9n b\u00e3 h\u1eefu c\u01a1, th\u1ee9c \u0103n d\u01b0 th\u1eeba, ch\u1ea5t th\u1ea3i t\u00f4m c\u00e1. L\u00e0m s\u1ea1ch n\u01b0\u1edbc [&hellip;]\" \/>\n<meta property=\"og:url\" content=\"https:\/\/truonghaitien.com\/san-pham\/fx-1-uc-che-nam-dong-tien-nam-chan-cho\/\" \/>\n<meta property=\"og:site_name\" content=\"Tr\u01b0\u1eddng H\u1ea3i Ti\u1ebfn\" \/>\n<meta property=\"article:modified_time\" content=\"2026-04-24T07:20:23+00:00\" \/>\n<meta property=\"og:image\" content=\"https:\/\/truonghaitien.com\/wp-content\/uploads\/2026\/04\/HINH-WEB-THT-8.png\" \/>\n\t<meta property=\"og:image:width\" content=\"800\" \/>\n\t<meta property=\"og:image:height\" content=\"1067\" \/>\n<meta name=\"twitter:card\" content=\"summary_large_image\" \/>\n<script type=\"application\/ld+json\" class=\"yoast-schema-graph\">{\"@context\":\"https:\/\/schema.org\",\"@graph\":[{\"@type\":\"Organization\",\"@id\":\"https:\/\/truonghaitien.com\/en\/#organization\",\"name\":\"C\\u00f4ng ty TNHH Tr\\u01b0\\u1eddng H\\u1ea3i Ti\\u1ebfn\",\"url\":\"https:\/\/truonghaitien.com\/en\/\",\"sameAs\":[],\"logo\":{\"@type\":\"ImageObject\",\"@id\":\"https:\/\/truonghaitien.com\/en\/#logo\",\"inLanguage\":\"en-US\",\"url\":\"https:\/\/truonghaitien.com\/wp-content\/uploads\/2020\/10\/logo-min-tht.png\",\"width\":140,\"height\":140,\"caption\":\"C\\u00f4ng ty TNHH Tr\\u01b0\\u1eddng H\\u1ea3i Ti\\u1ebfn\"},\"image\":{\"@id\":\"https:\/\/truonghaitien.com\/en\/#logo\"}},{\"@type\":\"WebSite\",\"@id\":\"https:\/\/truonghaitien.com\/en\/#website\",\"url\":\"https:\/\/truonghaitien.com\/en\/\",\"name\":\"Tr\\u01b0\\u1eddng H\\u1ea3i Ti\\u1ebfn\",\"description\":\"C\\u00f4ng ty TNHH Tr\\u01b0\\u1eddng H\\u1ea3i Ti\\u1ebfn\",\"publisher\":{\"@id\":\"https:\/\/truonghaitien.com\/en\/#organization\"},\"potentialAction\":[{\"@type\":\"SearchAction\",\"target\":\"https:\/\/truonghaitien.com\/en\/?s={search_term_string}\",\"query-input\":\"required name=search_term_string\"}],\"inLanguage\":\"en-US\"},{\"@type\":\"ImageObject\",\"@id\":\"https:\/\/truonghaitien.com\/san-pham\/fx-1-uc-che-nam-dong-tien-nam-chan-cho\/#primaryimage\",\"inLanguage\":\"en-US\",\"url\":\"https:\/\/truonghaitien.com\/wp-content\/uploads\/2026\/04\/HINH-WEB-THT-8.png\",\"width\":800,\"height\":1067},{\"@type\":\"WebPage\",\"@id\":\"https:\/\/truonghaitien.com\/san-pham\/fx-1-uc-che-nam-dong-tien-nam-chan-cho\/#webpage\",\"url\":\"https:\/\/truonghaitien.com\/san-pham\/fx-1-uc-che-nam-dong-tien-nam-chan-cho\/\",\"name\":\"S\\u1ea3n ph\\u1ea9m FX - 1 \\u1ee8C CH\\u1ebe N\\u1ea4M \\u0110\\u1ed2NG TI\\u1ec0N, N\\u1ea4M CH\\u00c2N CH\\u00d3 | Tr\\u01b0\\u1eddng H\\u1ea3i Ti\\u1ebfn\",\"isPartOf\":{\"@id\":\"https:\/\/truonghaitien.com\/en\/#website\"},\"primaryImageOfPage\":{\"@id\":\"https:\/\/truonghaitien.com\/san-pham\/fx-1-uc-che-nam-dong-tien-nam-chan-cho\/#primaryimage\"},\"datePublished\":\"2026-04-24T07:17:41+00:00\",\"dateModified\":\"2026-04-24T07:20:23+00:00\",\"breadcrumb\":{\"@id\":\"https:\/\/truonghaitien.com\/san-pham\/fx-1-uc-che-nam-dong-tien-nam-chan-cho\/#breadcrumb\"},\"inLanguage\":\"en-US\",\"potentialAction\":[{\"@type\":\"ReadAction\",\"target\":[\"https:\/\/truonghaitien.com\/san-pham\/fx-1-uc-che-nam-dong-tien-nam-chan-cho\/\"]}]},{\"@type\":\"BreadcrumbList\",\"@id\":\"https:\/\/truonghaitien.com\/san-pham\/fx-1-uc-che-nam-dong-tien-nam-chan-cho\/#breadcrumb\",\"itemListElement\":[{\"@type\":\"ListItem\",\"position\":1,\"item\":{\"@type\":\"WebPage\",\"@id\":\"https:\/\/truonghaitien.com\/\",\"url\":\"https:\/\/truonghaitien.com\/\",\"name\":\"Home\"}},{\"@type\":\"ListItem\",\"position\":2,\"item\":{\"@type\":\"WebPage\",\"@id\":\"https:\/\/truonghaitien.com\/en\/shop\/\",\"url\":\"https:\/\/truonghaitien.com\/en\/shop\/\",\"name\":\"Shop\"}},{\"@type\":\"ListItem\",\"position\":3,\"item\":{\"@type\":\"WebPage\",\"@id\":\"https:\/\/truonghaitien.com\/danh-muc-san-pham\/san-pham-moi\/\",\"url\":\"https:\/\/truonghaitien.com\/danh-muc-san-pham\/san-pham-moi\/\",\"name\":\"S\\u1ea3n ph\\u1ea9m m\\u1edbi\"}},{\"@type\":\"ListItem\",\"position\":4,\"item\":{\"@type\":\"WebPage\",\"@id\":\"https:\/\/truonghaitien.com\/san-pham\/fx-1-uc-che-nam-dong-tien-nam-chan-cho\/\",\"url\":\"https:\/\/truonghaitien.com\/san-pham\/fx-1-uc-che-nam-dong-tien-nam-chan-cho\/\",\"name\":\"FX &#8211; 1 \\u1ee8C CH\\u1ebe N\\u1ea4M \\u0110\\u1ed2NG TI\\u1ec0N, N\\u1ea4M CH\\u00c2N CH\\u00d3\"}}]}]}<\/script>\n<!-- \/ Yoast SEO Premium plugin. -->","_links":{"self":[{"href":"https:\/\/truonghaitien.com\/en\/wp-json\/wp\/v2\/product\/6730"}],"collection":[{"href":"https:\/\/truonghaitien.com\/en\/wp-json\/wp\/v2\/product"}],"about":[{"href":"https:\/\/truonghaitien.com\/en\/wp-json\/wp\/v2\/types\/product"}],"replies":[{"embeddable":true,"href":"https:\/\/truonghaitien.com\/en\/wp-json\/wp\/v2\/comments?post=6730"}],"version-history":[{"count":2,"href":"https:\/\/truonghaitien.com\/en\/wp-json\/wp\/v2\/product\/6730\/revisions"}],"predecessor-version":[{"id":6756,"href":"https:\/\/truonghaitien.com\/en\/wp-json\/wp\/v2\/product\/6730\/revisions\/6756"}],"wp:featuredmedia":[{"embeddable":true,"href":"https:\/\/truonghaitien.com\/en\/wp-json\/wp\/v2\/media\/6733"}],"wp:attachment":[{"href":"https:\/\/truonghaitien.com\/en\/wp-json\/wp\/v2\/media?parent=6730"}],"wp:term":[{"taxonomy":"product_cat","embeddable":true,"href":"https:\/\/truonghaitien.com\/en\/wp-json\/wp\/v2\/product_cat?post=6730"},{"taxonomy":"product_tag","embeddable":true,"href":"https:\/\/truonghaitien.com\/en\/wp-json\/wp\/v2\/product_tag?post=6730"}],"curies":[{"name":"wp","href":"https:\/\/api.w.org\/{rel}","templated":true}]}}